{"id":12597,"date":"2026-02-04T17:13:50","date_gmt":"2026-02-04T16:13:50","guid":{"rendered":"https:\/\/amigosdechiqui.prestigiaonline.com\/reza-a-chiqui\/"},"modified":"2026-03-30T17:13:53","modified_gmt":"2026-03-30T15:13:53","slug":"prega-cichi","status":"publish","type":"page","link":"https:\/\/amigosdechiqui.prestigiaonline.com\/it\/prega-cichi\/","title":{"rendered":"Prega Cichi"},"content":{"rendered":"\n<div class=\"wp-block-media-text alignfull is-stacked-on-mobile is-image-fill-element subheader has-verde-fondo-background-color has-background\" style=\"grid-template-columns:20% auto\"><figure class=\"wp-block-media-text__media\"><img loading=\"lazy\" decoding=\"async\" width=\"1024\" height=\"1024\" src=\"https:\/\/amigosdechiqui.prestigiaonline.com\/wp-content\/uploads\/2026\/01\/reza-a-don-chiqui.jpg\" alt=\"Pareja reza a Don Chiqui\" class=\"wp-image-2768 size-full\" style=\"object-position:80% 80%\" srcset=\"https:\/\/amigosdechiqui.prestigiaonline.com\/wp-content\/uploads\/2026\/01\/reza-a-don-chiqui.jpg 1024w, https:\/\/amigosdechiqui.prestigiaonline.com\/wp-content\/uploads\/2026\/01\/reza-a-don-chiqui-300x300.jpg 300w, https:\/\/amigosdechiqui.prestigiaonline.com\/wp-content\/uploads\/2026\/01\/reza-a-don-chiqui-150x150.jpg 150w, https:\/\/amigosdechiqui.prestigiaonline.com\/wp-content\/uploads\/2026\/01\/reza-a-don-chiqui-768x768.jpg 768w\" sizes=\"auto, (max-width: 1024px) 100vw, 1024px\" \/><\/figure><div class=\"wp-block-media-text__content\">\n<p class=\"has-text-align-center claim-oratorio\">Oratorio virtuale degli amici di Cichi.<br\/><strong>Lui vuole aiutarti, vuoi?<\/strong><\/p>\n<\/div><\/div>\n\n\n\n<div style=\"height:5rem\" aria-hidden=\"true\" class=\"wp-block-spacer\"><\/div>\n\n\n\n<div class=\"wp-block-columns alignwide is-layout-flex wp-container-core-columns-is-layout-9d6595d7 wp-block-columns-is-layout-flex\">\n<div class=\"wp-block-column is-layout-flow wp-block-column-is-layout-flow\"><h1 class=\"has-link-color wp-elements-d6ec372abd52f6b87778ca92393b7851 wp-block-post-title has-text-color has-verde-color\">Prega Cichi<\/h1>\n\n\n<p class=\"has-verde-color has-text-color has-link-color wp-elements-b30c05adb166aa4fb85ebd3912fb2c06\">Jos\u00e9 Mar\u00eda Hern\u00e1ndez Garnica \u00e8 ancora attivo e concede grazie a coloro che si rivolgono alla sua intercessione, da lontano o recandosi alla chiesa di Santa Maria de Montalegre, per pregare davanti alla sua tomba, nella cappella del Santissimo.<\/p>\n\n\n\n<p class=\"has-verde-color has-text-color has-link-color wp-elements-1136c4ede81b4583368d730397852e77\">Puoi recitare questa preghiera per chiedere una grazia:<\/p>\n\n\n\n<div style=\"height:3rem\" aria-hidden=\"true\" class=\"wp-block-spacer\"><\/div>\n\n\n\n<p class=\"has-verde-color has-text-color has-link-color wp-elements-bf81e7a3ae11d8a6c50e443909fda509\">Signore, Dio nostro, che hai voluto fare affidamento sul tuo servo Jos\u00e9 Mar\u00eda, sacerdote, per estendere in diversi luoghi del mondo la chiamata a santificarsi nella vita ordinaria, aiutami a seguire Cristo e a frequentarlo nelle mie occupazioni quotidiane, portando la gioia della vocazione cristiana a molte altre anime.<\/p>\n\n\n\n<p class=\"has-verde-color has-text-color has-link-color wp-elements-ae77ef3210aa3f3dbf39df2c6fb1dcf3\">Glorifica il tuo servo Jos\u00e9 Mar\u00eda e concedimi, per sua intercessione, la grazia che ti chiedo&#8230; (si chieda). Amen<\/p>\n\n\n\n<div style=\"height:2rem\" aria-hidden=\"true\" class=\"wp-block-spacer\"><\/div>\n\n\n\n<p class=\"has-verde-color has-text-color has-link-color wp-elements-a01e35e1034d5d313582f7a653141395\">Padre nostro, Ave Maria, Gloria<\/p>\n\n\n\n<div style=\"height:3rem\" aria-hidden=\"true\" class=\"wp-block-spacer\"><\/div>\n\n\n\n<div style=\"height:2rem\" aria-hidden=\"true\" class=\"wp-block-spacer\"><\/div>\n\n\n\n<p><em>In conformit\u00e0 con i decreti di Papa Urbano VIII, dichiariamo che non si intende prevenire il giudizio delle Autorit\u00e0 ecclesiastiche e che la presente preghiera non ha alcuna finalit\u00e0 di culto pubblico.<\/em><\/p>\n<\/div>\n\n\n\n<div class=\"wp-block-column is-vertically-aligned-center is-content-justification-center is-layout-constrained wp-block-column-is-layout-constrained\">\n<figure class=\"wp-block-image size-full\"><img loading=\"lazy\" decoding=\"async\" width=\"988\" height=\"603\" src=\"https:\/\/amigosdechiqui.prestigiaonline.com\/wp-content\/uploads\/2026\/02\/estampa-don-chiqui.jpg\" alt=\"Cabecera estampa\" class=\"wp-image-3249\" srcset=\"https:\/\/amigosdechiqui.prestigiaonline.com\/wp-content\/uploads\/2026\/02\/estampa-don-chiqui.jpg 988w, https:\/\/amigosdechiqui.prestigiaonline.com\/wp-content\/uploads\/2026\/02\/estampa-don-chiqui-300x183.jpg 300w, https:\/\/amigosdechiqui.prestigiaonline.com\/wp-content\/uploads\/2026\/02\/estampa-don-chiqui-768x469.jpg 768w\" sizes=\"auto, (max-width: 988px) 100vw, 988px\" \/><\/figure>\n\n\n\n<div class=\"wp-block-buttons is-content-justification-center is-layout-flex wp-container-core-buttons-is-layout-16018d1d wp-block-buttons-is-layout-flex\">\n<div class=\"wp-block-button is-style-verde\"><a class=\"wp-block-button__link wp-element-button\" href=\"https:\/\/amigosdechiqui.prestigiaonline.com\/wp-content\/uploads\/2026\/02\/estampaespanyoltext.pdf\">Scarica la preghiera<\/a><\/div>\n<\/div>\n<\/div>\n<\/div>\n\n\n\n<hr class=\"wp-block-separator aligncenter has-alpha-channel-opacity is-style-wide\"\/>\n\n\n<div class=\"alignwide wp-block-cv-amigosdechiqui-contadores\"><div class=\"wp-block-group is-nowrap is-layout-flex wp-container-core-group-is-layout-ad2f72ca wp-block-group-is-layout-flex\"><svg width=\"100%\" height=\"100%\" viewBox=\"0 0 40 40\" class=\"donut contador-peticiones\">\n        <circle class=\"donut-hole\" cx=\"20\" cy=\"20\" r=\"15.91549430918954\" fill=\"#fff\"><\/circle>\n        <circle class=\"donut-ring\" cx=\"20\" cy=\"20\" r=\"15.91549430918954\" fill=\"transparent\" style=\"stroke:rgba(20, 40, 166, 0.3);\" stroke-width=\"4.5\"><\/circle>\n        <circle class=\"donut-segment\" cx=\"20\" cy=\"20\" r=\"15.91549430918954\" fill=\"transparent\" stroke-width=\"2.5\" stroke-dasharray=\"38 62\" stroke-dashoffset=\"75\" style=\"stroke:rgba(20, 40, 166, 0.75);\"><\/circle>\n            <g class=\"donut-text\" style=\"fill:rgba(20, 40, 166, 1);\">\n                <text y=\"50%\" transform=\"translate(0, 2)\">\n                    <tspan x=\"50%\" text-anchor=\"middle\" class=\"donut-percent\">38<\/tspan>   \n                <\/text>\n                <text y=\"60%\" transform=\"translate(0, 2)\">\n                    <tspan x=\"50%\" text-anchor=\"middle\" class=\"donut-data\">Richieste<\/tspan>   \n                <\/text>\n            <\/g>\n        <\/svg><svg width=\"100%\" height=\"100%\" viewBox=\"0 0 40 40\" class=\"donut contador-amigosdechiqui\">\n        <circle class=\"donut-hole\" cx=\"20\" cy=\"20\" r=\"15.91549430918954\" fill=\"#fff\"><\/circle>\n        <circle class=\"donut-ring\" cx=\"20\" cy=\"20\" r=\"15.91549430918954\" fill=\"transparent\" style=\"stroke:rgba(12, 139, 71, 0.3);\" stroke-width=\"4.5\"><\/circle>\n        <circle class=\"donut-segment\" cx=\"20\" cy=\"20\" r=\"15.91549430918954\" fill=\"transparent\" stroke-width=\"2.5\" stroke-dasharray=\"7 93\" stroke-dashoffset=\"75\" style=\"stroke:rgba(12, 139, 71, 0.75);\"><\/circle>\n            <g class=\"donut-text\" style=\"fill:rgba(12, 139, 71, 1);\">\n                <text y=\"50%\" transform=\"translate(0, 2)\">\n                    <tspan x=\"50%\" text-anchor=\"middle\" class=\"donut-percent\">7<\/tspan>   \n                <\/text>\n                <text y=\"60%\" transform=\"translate(0, 2)\">\n                    <tspan x=\"50%\" text-anchor=\"middle\" class=\"donut-data\">Persone in preghiera<\/tspan>   \n                <\/text>\n            <\/g>\n        <\/svg><svg width=\"100%\" height=\"100%\" viewBox=\"0 0 40 40\" class=\"donut contador-categoria\">\n        <circle class=\"donut-hole\" cx=\"20\" cy=\"20\" r=\"15.91549430918954\" fill=\"#fff\"><\/circle>\n        <circle class=\"donut-ring\" cx=\"20\" cy=\"20\" r=\"15.91549430918954\" fill=\"transparent\" style=\"stroke:rgba(220, 231, 70, 0.3);\" stroke-width=\"4.5\"><\/circle>\n        <circle class=\"donut-segment\" cx=\"20\" cy=\"20\" r=\"15.91549430918954\" fill=\"transparent\" stroke-width=\"2.5\" stroke-dasharray=\"1 99\" stroke-dashoffset=\"75\" style=\"stroke:rgba(220, 231, 70, 0.75);\"><\/circle>\n            <g class=\"donut-text\" style=\"fill:rgba(220, 231, 70, 1);\">\n                <text y=\"50%\" transform=\"translate(0, 2)\">\n                    <tspan x=\"50%\" text-anchor=\"middle\" class=\"donut-percent\">1<\/tspan>   \n                <\/text>\n                <text y=\"60%\" transform=\"translate(0, 2)\">\n                    <tspan x=\"50%\" text-anchor=\"middle\" class=\"donut-data\">An\u00e9cdota<\/tspan>   \n                <\/text>\n            <\/g>\n        <\/svg><\/div><\/div>\n\n\n<div class=\"wp-block-columns alignfull no-margin-bottom haz-peticion-landscape has-gris-peticion-background-color has-background is-layout-flex wp-container-core-columns-is-layout-9d6595d7 wp-block-columns-is-layout-flex\">\n<div class=\"wp-block-column is-content-justification-left is-layout-constrained wp-container-core-column-is-layout-8c890d92 wp-block-column-is-layout-constrained\" style=\"flex-basis:70%\">\n<div class=\"wp-block-group is-content-justification-left is-layout-constrained wp-container-core-group-is-layout-4fe7a97e wp-block-group-is-layout-constrained\">\n<h2 class=\"wp-block-heading has-text-align-left has-azul-color has-text-color has-link-color wp-elements-41c502880b5c1b53bbc831b2a0d27f89\">FAI<br>LA TUA RICHIESTA<\/h2>\n\n\n\n<p class=\"has-text-align-left has-azul-color has-text-color has-link-color wp-elements-bdc600fbb557b43b1b5bfacef3ed2285\">Hai bisogno di aiuto? Vuoi chiedere aiuto per una persona cara?<br>Condividi la tua intenzione. Gli Amici di Cichi inizieranno a pregare per lei, confidando nella sua intercessione presso Dio.<\/p>\n\n\n\n<p class=\"has-text-align-left has-azul-color has-text-color has-link-color wp-elements-a03ee3672eace8d0940fe57c7baf0eb3\">Non sei solo.<\/p>\n\n\n\n<div style=\"height:6rem\" aria-hidden=\"true\" class=\"wp-block-spacer\"><\/div>\n\n\n\n<div class=\"wp-block-buttons is-layout-flex wp-block-buttons-is-layout-flex\">\n<div class=\"wp-block-button is-style-azul\"><a class=\"wp-block-button__link wp-element-button\" href=\"https:\/\/amigosdechiqui.prestigiaonline.com\/it\/fai-la-tua-richiesta\/\">FAI UNA RICHIESTA<\/a><\/div>\n<\/div>\n<\/div>\n<\/div>\n\n\n\n<div class=\"wp-block-column is-layout-flow wp-block-column-is-layout-flow\" style=\"flex-basis:30%\">\n<figure class=\"wp-block-image size-full\"><img loading=\"lazy\" decoding=\"async\" width=\"885\" height=\"805\" src=\"https:\/\/amigosdechiqui.prestigiaonline.com\/wp-content\/uploads\/2026\/02\/gente-alrededor-tumba.png\" alt=\"Gente rezando en la tumba de Don Chiqui\" class=\"wp-image-3240\" srcset=\"https:\/\/amigosdechiqui.prestigiaonline.com\/wp-content\/uploads\/2026\/02\/gente-alrededor-tumba.png 885w, https:\/\/amigosdechiqui.prestigiaonline.com\/wp-content\/uploads\/2026\/02\/gente-alrededor-tumba-300x273.png 300w, https:\/\/amigosdechiqui.prestigiaonline.com\/wp-content\/uploads\/2026\/02\/gente-alrededor-tumba-768x699.png 768w\" sizes=\"auto, (max-width: 885px) 100vw, 885px\" \/><\/figure>\n<\/div>\n<\/div>\n","protected":false},"excerpt":{"rendered":"<p>Jos\u00e9 Mar\u00eda Hern\u00e1ndez Garnica \u00e8 ancora attivo e concede grazie a coloro che si rivolgono alla sua intercessione, da lontano o recandosi alla chiesa di Santa Maria de Montalegre, per pregare davanti alla sua tomba, nella cappella del Santissimo. Puoi recitare questa preghiera per chiedere una grazia: Signore, Dio nostro, che hai voluto fare affidamento [&hellip;]<\/p>\n","protected":false},"author":1,"featured_media":0,"parent":0,"menu_order":0,"comment_status":"closed","ping_status":"closed","template":"","meta":{"inline_featured_image":false,"footnotes":""},"class_list":["post-12597","page","type-page","status-publish","hentry"],"_links":{"self":[{"href":"https:\/\/amigosdechiqui.prestigiaonline.com\/it\/wp-json\/wp\/v2\/pages\/12597","targetHints":{"allow":["GET"]}}],"collection":[{"href":"https:\/\/amigosdechiqui.prestigiaonline.com\/it\/wp-json\/wp\/v2\/pages"}],"about":[{"href":"https:\/\/amigosdechiqui.prestigiaonline.com\/it\/wp-json\/wp\/v2\/types\/page"}],"author":[{"embeddable":true,"href":"https:\/\/amigosdechiqui.prestigiaonline.com\/it\/wp-json\/wp\/v2\/users\/1"}],"replies":[{"embeddable":true,"href":"https:\/\/amigosdechiqui.prestigiaonline.com\/it\/wp-json\/wp\/v2\/comments?post=12597"}],"version-history":[{"count":0,"href":"https:\/\/amigosdechiqui.prestigiaonline.com\/it\/wp-json\/wp\/v2\/pages\/12597\/revisions"}],"wp:attachment":[{"href":"https:\/\/amigosdechiqui.prestigiaonline.com\/it\/wp-json\/wp\/v2\/media?parent=12597"}],"curies":[{"name":"wp","href":"https:\/\/api.w.org\/{rel}","templated":true}]}}