{"id":12631,"date":"2026-02-05T16:14:33","date_gmt":"2026-02-05T15:14:33","guid":{"rendered":"https:\/\/amigosdechiqui.prestigiaonline.com\/el-opus-dei\/"},"modified":"2026-03-30T16:53:00","modified_gmt":"2026-03-30T14:53:00","slug":"opus-dei","status":"publish","type":"page","link":"https:\/\/amigosdechiqui.prestigiaonline.com\/fr\/opus-dei\/","title":{"rendered":"Opus Dei"},"content":{"rendered":"\n<div class=\"wp-block-media-text alignfull is-stacked-on-mobile subheader has-amarillo-texto-background-color has-background\" style=\"grid-template-columns:20% auto\"><figure  class=\"wp-block-media-text__media\"><img loading=\"lazy\" decoding=\"async\" width=\"432\" height=\"288\" alt=\"Santuario Torreciudad\" src=\"https:\/\/amigosdechiqui.prestigiaonline.com\/wp-content\/uploads\/2026\/02\/santuario-torreciudad.png\" class=\"wp-image-3997 size-full\" srcset=\"https:\/\/amigosdechiqui.prestigiaonline.com\/wp-content\/uploads\/2026\/02\/santuario-torreciudad.png 432w, https:\/\/amigosdechiqui.prestigiaonline.com\/wp-content\/uploads\/2026\/02\/santuario-torreciudad-300x200.png 300w\" sizes=\"auto, (max-width: 432px) 100vw, 432px\" \/><\/figure><div class=\"wp-block-media-text__content\">\n<p class=\"has-text-align-center claim-oratorio\">Oratoire virtuel des amis de Chiqui.<br\/><strong>Il veut vous aider, voluez-vous?<\/strong><\/p>\n<\/div><\/div>\n\n\n<h1 class=\"alignwide wp-block-post-title\">Opus Dei<\/h1>\n\n\n<div class=\"wp-block-columns alignwide is-layout-flex wp-container-core-columns-is-layout-9d6595d7 wp-block-columns-is-layout-flex\">\n<div class=\"wp-block-column is-layout-flow wp-block-column-is-layout-flow\">\n<p>L&rsquo;Opus Dei aide les personnes \u00e0 trouver le Christ dans leur travail, leur vie de famille et leurs activit\u00e9s quotidiennes.<\/p>\n\n\n\n<p>Tous les baptis\u00e9s sont appel\u00e9s \u00e0 suivre J\u00e9sus-Christ, \u00e0 vivre et \u00e0 faire conna\u00eetre l&rsquo;\u00c9vangile.<\/p>\n\n\n\n<p>L&rsquo;Opus Dei a pour but de contribuer \u00e0 la mission d&rsquo;\u00e9vang\u00e9lisation de l&rsquo;\u00c9glise catholique, en promouvant parmi les fid\u00e8les chr\u00e9tiens de toutes conditions une vie conforme \u00e0 la foi, en accord avec les circonstances actuelles, et notamment par la sanctification du travail.<\/p>\n\n\n\n<h4 class=\"wp-block-heading\">Quelques caract\u00e9ristiques de l&rsquo;esprit de l&rsquo;Opus Dei:<\/h4>\n\n\n\n<ol class=\"wp-block-list\">\n<li>Filiation divine<\/li>\n\n\n\n<li>Vie ordinaire<\/li>\n\n\n\n<li>\u0152uvre sanctifiante<\/li>\n\n\n\n<li>Pri\u00e8re et sacrifice<\/li>\n\n\n\n<li>Unit\u00e9 de vie<\/li>\n\n\n\n<li>Libert\u00e9<\/li>\n\n\n\n<li>Charit\u00e9<\/li>\n<\/ol>\n\n\n\n<h4 class=\"wp-block-heading is-style-h2-reducido\"><strong>Les liens de l&rsquo;Opus Dei avec Jos\u00e9 Mar\u00eda Hern\u00e1ndez Garnica<\/strong><\/h4>\n\n\n\n<p>Jos\u00e9 Mar\u00eda Hern\u00e1ndez Garnica fut l&rsquo;un des trois premiers pr\u00eatres de la Pr\u00e9lature de l&rsquo;Opus Dei.<\/p>\n\n\n\n<p>Saint Jos\u00e9maria Escriv\u00e1 s&rsquo;appuya sur lui pour diffuser la voie de l&rsquo;Opus Dei dans plusieurs pays d&rsquo;Europe.<\/p>\n\n\n\n<p>Il a pass\u00e9 la fin de sa vie \u00e0 Barcelone, o\u00f9 il est d\u00e9c\u00e9d\u00e9 \u00e0 l&rsquo;\u00e2ge de 59 ans, jouissant d&rsquo;une r\u00e9putation de saintet\u00e9.<\/p>\n\n\n\n<p>En 2005, son proc\u00e8s de canonisation a d\u00e9but\u00e9 et, le 11 novembre 2011, sa d\u00e9pouille a \u00e9t\u00e9 transf\u00e9r\u00e9e \u00e0 l&rsquo;\u00e9glise Santa Maria de Montalegre, \u00e0 Barcelone.<\/p>\n\n\n\n<h4 class=\"wp-block-heading is-style-h2-reducido\"><strong>Actualit\u00e9s de l&rsquo;Opus Dei<\/strong><\/h4>\n\n\n<ul class=\"feed-opus-dei wp-block-rss\"><li class='wp-block-rss__item'><div class='wp-block-rss__item-title'><a href='https:\/\/opusdei.org\/fr-fr\/article\/temoignage-univ-chips-de-piura-letudiant-qui-a-surpris-le-pape-sur-la-place-saint-pierre\/' target=\"_blank\">&quot;Chips de Piura ?&quot; : l&#039;\u00e9tudiant qui a surpris le Pape sur la place Saint Pierre<\/a><\/div><\/li><li class='wp-block-rss__item'><div class='wp-block-rss__item-title'><a href='https:\/\/opusdei.org\/fr-fr\/article\/leon-xiv-clarifie-le-role-des-laics-dans-leglise-selon-le-concile-vatican-ii\/' target=\"_blank\">L\u00e9on XIV clarifie le r\u00f4le des la\u00efcs dans l&#039;\u00c9glise selon le Concile Vatican II<\/a><\/div><\/li><li class='wp-block-rss__item'><div class='wp-block-rss__item-title'><a href='https:\/\/opusdei.org\/fr-fr\/article\/youth-chemin-de-croix\/' target=\"_blank\">Youth &#8211; Chemin de Croix<\/a><\/div><\/li><li class='wp-block-rss__item'><div class='wp-block-rss__item-title'><a href='https:\/\/opusdei.org\/fr-fr\/article\/meditation-audio-dimanche-de-paques-la-joie-de-la-resurrection\/' target=\"_blank\">M\u00e9ditation audio : La joie de la r\u00e9surrection<\/a><\/div><\/li><li class='wp-block-rss__item'><div class='wp-block-rss__item-title'><a href='https:\/\/opusdei.org\/fr-fr\/article\/retransmission-du-triduum-pascal-2026-pape-leon-xiv\/' target=\"_blank\">Retransmission du Triduum Pascal avec le Pape L\u00e9on XIV<\/a><\/div><\/li><\/ul><\/div>\n\n\n\n<div class=\"wp-block-column is-style-bordes-redondeados has-gris-fondo-background-color has-background is-layout-constrained wp-block-column-is-layout-constrained\">\n<div style=\"height:3rem\" aria-hidden=\"true\" class=\"wp-block-spacer\"><\/div>\n\n\n\n<h4 class=\"wp-block-heading is-style-h2-reducido\">Coop\u00e9rateurs<\/h4>\n\n\n\n<p>Sans appartenir \u00e0 l&rsquo;\u0152uvre, les coop\u00e9rateurs de l&rsquo;Opus Dei peuvent collaborer de diverses mani\u00e8res \u00e0 l&rsquo;\u0153uvre apostolique men\u00e9e par la pr\u00e9lature.<\/p>\n\n\n\n<p>Ce sont des personnes de toutes races, cultures et religions: catholiques et non-catholiques, chr\u00e9tiens et non-chr\u00e9tiens, et m\u00eame des non-croyants, qui, avec les fid\u00e8les de la pr\u00e9lature et d\u2019autres citoyens, participent et collaborent aux diff\u00e9rentes initiatives men\u00e9es pour le bien de la soci\u00e9t\u00e9 et ouvertes \u00e0 tous.<\/p>\n\n\n\n<p>Leur collaboration peut \u00eatre spirituelle ou mat\u00e9rielle, par leur travail ou par des dons.<\/p>\n\n\n\n<blockquote class=\"wp-block-quote is-layout-flow wp-block-quote-is-layout-flow\">\n<p><em>\u201cNous avons besoin de coop\u00e9rateurs comme vous, qui prient; de coop\u00e9rateurs comme vous, qui souriez\u201d<\/em>,<\/p>\n<cite>dit saint Jos\u00e9maria \u00e0 une paysanne p\u00e9ruvienne lors d&rsquo;un voyage en Am\u00e9rique latine.<\/cite><\/blockquote>\n\n\n\n<div class=\"wp-block-buttons is-content-justification-center is-layout-flex wp-container-core-buttons-is-layout-16018d1d wp-block-buttons-is-layout-flex\">\n<div class=\"wp-block-button\"><a class=\"wp-block-button__link wp-element-button\" href=\"https:\/\/opusdei.org\/fr-fr\/\" target=\"_blank\" rel=\"noreferrer noopener\">En savoir plus<\/a><\/div>\n<\/div>\n<\/div>\n<\/div>\n\n\n\n<div class=\"wp-block-columns alignfull no-padding no-margin-bottom is-layout-flex wp-container-core-columns-is-layout-9d6595d7 wp-block-columns-is-layout-flex\">\n<div class=\"wp-block-column is-vertically-aligned-stretch has-gris-peticion-background-color has-background is-layout-flow wp-block-column-is-layout-flow\">\n<div class=\"wp-block-cover is-light cuadro-haz-peticion\"><img loading=\"lazy\" decoding=\"async\" width=\"885\" height=\"805\" class=\"wp-block-cover__image-background wp-image-3240 size-full\" alt=\"Gente rezando en la tumba de Don Chiqui\" src=\"https:\/\/amigosdechiqui.prestigiaonline.com\/wp-content\/uploads\/2026\/02\/gente-alrededor-tumba.png\" data-object-fit=\"cover\" srcset=\"https:\/\/amigosdechiqui.prestigiaonline.com\/wp-content\/uploads\/2026\/02\/gente-alrededor-tumba.png 885w, https:\/\/amigosdechiqui.prestigiaonline.com\/wp-content\/uploads\/2026\/02\/gente-alrededor-tumba-300x273.png 300w, https:\/\/amigosdechiqui.prestigiaonline.com\/wp-content\/uploads\/2026\/02\/gente-alrededor-tumba-768x699.png 768w\" sizes=\"auto, (max-width: 885px) 100vw, 885px\" \/><span aria-hidden=\"true\" class=\"wp-block-cover__background has-background-dim-0 has-background-dim\"><\/span><div class=\"wp-block-cover__inner-container is-layout-constrained wp-container-core-cover-is-layout-4f9fb484 wp-block-cover-is-layout-constrained\">\n<div class=\"wp-block-group is-layout-flow wp-block-group-is-layout-flow\">\n<div class=\"wp-block-group texto-cuadro is-content-justification-left is-layout-constrained wp-container-core-group-is-layout-dc53567a wp-block-group-is-layout-constrained\">\n<h2 class=\"wp-block-heading has-text-align-left has-azul-color has-text-color has-link-color wp-elements-f6c1cbf793be853006a7f82deea54353\">FORMULEZ<br\/>VOTRE DEMANDE<\/h2>\n\n\n\n<p class=\"has-azul-color has-text-color has-link-color wp-elements-4ebd3a66074a6f7086603e456ffc2667\">Avez-vous besoin d\u2019aide? Souhaitez-vous prier pour un \u00eatre cher?<br\/>Partagez votre intention. Les Amis de Chiqui commenceront \u00e0 prier pour elle, confiants en son intercession aupr\u00e8s de Dieu. Vous n\u2019\u00eates pas seul(e).<\/p>\n\n\n\n<div style=\"height:18rem\" aria-hidden=\"true\" class=\"wp-block-spacer\"><\/div>\n<\/div>\n\n\n\n<div class=\"wp-block-buttons is-layout-flex wp-block-buttons-is-layout-flex\">\n<div class=\"wp-block-button is-style-azul\"><a class=\"wp-block-button__link wp-element-button\" href=\"https:\/\/amigosdechiqui.prestigiaonline.com\/fr\/faites-votre-demande\/\">Faites une demande<\/a><\/div>\n<\/div>\n\n\n\n<div style=\"height:2rem\" aria-hidden=\"true\" class=\"wp-block-spacer\"><\/div>\n<\/div>\n<\/div><\/div>\n<\/div>\n\n\n\n<div class=\"wp-block-column is-vertically-aligned-stretch has-verde-fondo-background-color has-background is-layout-flow wp-block-column-is-layout-flow\">\n<div class=\"wp-block-cover is-light cuadro-reza-chiqui\"><img loading=\"lazy\" decoding=\"async\" width=\"1024\" height=\"1024\" class=\"wp-block-cover__image-background wp-image-2768 size-full\" alt=\"Pareja reza a Don Chiqui\" src=\"https:\/\/amigosdechiqui.prestigiaonline.com\/wp-content\/uploads\/2026\/01\/reza-a-don-chiqui.jpg\" style=\"object-position:50% 50%\" data-object-fit=\"cover\" data-object-position=\"50% 50%\" srcset=\"https:\/\/amigosdechiqui.prestigiaonline.com\/wp-content\/uploads\/2026\/01\/reza-a-don-chiqui.jpg 1024w, https:\/\/amigosdechiqui.prestigiaonline.com\/wp-content\/uploads\/2026\/01\/reza-a-don-chiqui-300x300.jpg 300w, https:\/\/amigosdechiqui.prestigiaonline.com\/wp-content\/uploads\/2026\/01\/reza-a-don-chiqui-150x150.jpg 150w, https:\/\/amigosdechiqui.prestigiaonline.com\/wp-content\/uploads\/2026\/01\/reza-a-don-chiqui-768x768.jpg 768w\" sizes=\"auto, (max-width: 1024px) 100vw, 1024px\" \/><span aria-hidden=\"true\" class=\"wp-block-cover__background has-background-dim-0 has-background-dim\"><\/span><div class=\"wp-block-cover__inner-container is-layout-constrained wp-container-core-cover-is-layout-4f9fb484 wp-block-cover-is-layout-constrained\">\n<div class=\"wp-block-group is-layout-flow wp-block-group-is-layout-flow\">\n<div class=\"wp-block-group texto-cuadro is-content-justification-left is-layout-constrained wp-container-core-group-is-layout-4fe7a97e wp-block-group-is-layout-constrained\">\n<h2 class=\"wp-block-heading has-text-align-left has-verde-color has-text-color has-link-color wp-elements-e2735823254be82398beaef93362aa4d\">PRIEZ CHIQUI<\/h2>\n\n\n\n<p class=\"has-verde-color has-text-color has-link-color wp-elements-8b547cfb885b6d920a1c74aa9e06ba44\">Chiqui attend votre aide pour vous rapprocher de Dieu.<\/p>\n\n\n\n<p class=\"has-verde-color has-text-color has-link-color wp-elements-347931babd434d66cb4821bab1e39953\">Lui parler est simple: dites simplement \u00ab\u00a0Chiqui, aide-moi!\u00a0\u00bb.<\/p>\n\n\n\n<p class=\"has-verde-color has-text-color has-link-color wp-elements-41519305d73592a4cd1ec3b8903fb867\">Mais si vous le pouvez, prenez un instant pour r\u00e9citer calmement la pri\u00e8re illustr\u00e9e ou faites une neuvaine pour lui demander des faveurs et le remercier.<\/p>\n\n\n\n<p class=\"has-verde-color has-text-color has-link-color wp-elements-2e0b54debbe8249a77ddb123e5bdc07e\">Il est toujours attentif\u2026 et son aide nous surprend souvent.<\/p>\n\n\n\n<div style=\"height:18rem\" aria-hidden=\"true\" class=\"wp-block-spacer\"><\/div>\n<\/div>\n\n\n\n<div class=\"wp-block-buttons is-layout-flex wp-block-buttons-is-layout-flex\">\n<div class=\"wp-block-button is-style-verde\"><a class=\"wp-block-button__link wp-element-button\" href=\"https:\/\/amigosdechiqui.prestigiaonline.com\/fr\/priez-chiqui\/\">Priez Chiqui<\/a><\/div>\n<\/div>\n\n\n\n<div style=\"height:2rem\" aria-hidden=\"true\" class=\"wp-block-spacer\"><\/div>\n<\/div>\n<\/div><\/div>\n<\/div>\n<\/div>\n","protected":false},"excerpt":{"rendered":"<p>L&rsquo;Opus Dei aide les personnes \u00e0 trouver le Christ dans leur travail, leur vie de famille et leurs activit\u00e9s quotidiennes. Tous les baptis\u00e9s sont appel\u00e9s \u00e0 suivre J\u00e9sus-Christ, \u00e0 vivre et \u00e0 faire conna\u00eetre l&rsquo;\u00c9vangile. L&rsquo;Opus Dei a pour but de contribuer \u00e0 la mission d&rsquo;\u00e9vang\u00e9lisation de l&rsquo;\u00c9glise catholique, en promouvant parmi les fid\u00e8les chr\u00e9tiens [&hellip;]<\/p>\n","protected":false},"author":1,"featured_media":3997,"parent":0,"menu_order":0,"comment_status":"closed","ping_status":"closed","template":"","meta":{"inline_featured_image":false,"footnotes":""},"class_list":["post-12631","page","type-page","status-publish","has-post-thumbnail","hentry"],"_links":{"self":[{"href":"https:\/\/amigosdechiqui.prestigiaonline.com\/fr\/wp-json\/wp\/v2\/pages\/12631","targetHints":{"allow":["GET"]}}],"collection":[{"href":"https:\/\/amigosdechiqui.prestigiaonline.com\/fr\/wp-json\/wp\/v2\/pages"}],"about":[{"href":"https:\/\/amigosdechiqui.prestigiaonline.com\/fr\/wp-json\/wp\/v2\/types\/page"}],"author":[{"embeddable":true,"href":"https:\/\/amigosdechiqui.prestigiaonline.com\/fr\/wp-json\/wp\/v2\/users\/1"}],"replies":[{"embeddable":true,"href":"https:\/\/amigosdechiqui.prestigiaonline.com\/fr\/wp-json\/wp\/v2\/comments?post=12631"}],"version-history":[{"count":0,"href":"https:\/\/amigosdechiqui.prestigiaonline.com\/fr\/wp-json\/wp\/v2\/pages\/12631\/revisions"}],"wp:featuredmedia":[{"embeddable":true,"href":"https:\/\/amigosdechiqui.prestigiaonline.com\/fr\/wp-json\/wp\/v2\/media\/3997"}],"wp:attachment":[{"href":"https:\/\/amigosdechiqui.prestigiaonline.com\/fr\/wp-json\/wp\/v2\/media?parent=12631"}],"curies":[{"name":"wp","href":"https:\/\/api.w.org\/{rel}","templated":true}]}}